{"id":742,"date":"2024-06-10T21:47:25","date_gmt":"2024-06-10T21:47:25","guid":{"rendered":"https:\/\/agenciamkt.com.br\/tsjgc\/?page_id=742"},"modified":"2024-07-03T19:08:04","modified_gmt":"2024-07-03T19:08:04","slug":"contato","status":"publish","type":"page","link":"https:\/\/agenciamkt.com.br\/tsjgc\/contato\/","title":{"rendered":"Contato"},"content":{"rendered":"<div class=\"wpb-content-wrapper\"><p>[vc_row css_animation=&#8221;&#8221; row_type=&#8221;row&#8221; use_row_as_full_screen_section=&#8221;no&#8221; type=&#8221;grid&#8221; angled_section=&#8221;no&#8221; text_align=&#8221;left&#8221; background_image_as_pattern=&#8221;without_pattern&#8221; z_index=&#8221;&#8221; css=&#8221;.vc_custom_1718110336271{padding-top: 200px !important;}&#8221;][vc_column width=&#8221;1\/2&#8243;][vc_column_text css=&#8221;&#8221;]<\/p>\n<h6>ESTAMOS TE ESPERANDO<\/h6>\n<p>[\/vc_column_text][vc_column_text css=&#8221;&#8221;]Atendimento da secretaria<\/p>\n<p>de ter\u00e7a-feira a domingo: 7:00 \u00e0s 17:30[\/vc_column_text][vc_row_inner row_type=&#8221;row&#8221; type=&#8221;full_width&#8221; text_align=&#8221;left&#8221; css_animation=&#8221;&#8221; css=&#8221;.vc_custom_1718110404960{margin-top: 160px !important;}&#8221;][vc_column_inner width=&#8221;1\/2&#8243;][vc_column_text css=&#8221;.vc_custom_1718109624151{padding-top: 100px !important;}&#8221;]<\/p>\n<h6><span style=\"vertical-align: inherit;\"><span style=\"vertical-align: inherit;\">ENDERE\u00c7O:<\/span><\/span><\/h6>\n<p>[\/vc_column_text][vc_empty_space height=&#8221;5&#8243;][vc_column_text css=&#8221;&#8221;]Sa\u00edda 78 da Rodovia &#8211; Castello Branco<\/p>\n<p>Sentido Itu Sa\u00edda 16A da Rodovia do A\u00e7\u00facar \u2013 SP[\/vc_column_text][vc_empty_space height=&#8221;12px&#8221;]<a  itemprop=\"url\" href=\"https:\/\/waze.com\/ul\/h6gy77v1fc\" target=\"_blank\" data-hover-background-color=#f2f5f7 data-hover-border-color=#cfcfd3 data-hover-color=#7d8186 class=\"qbutton  small center default\" style=\"color: #20282e; border-color: #cfcfd3; border-radius: 30px;-moz-border-radius: 30px;-webkit-border-radius: 30px; background-color: #cfcfd3;\">Abrir com waze<\/a>[\/vc_column_inner][vc_column_inner width=&#8221;1\/2&#8243;][vc_empty_space height=&#8221;12px&#8221;][vc_empty_space height=&#8221;12px&#8221;][vc_column_text css=&#8221;.vc_custom_1718109675670{padding-top: 100px !important;}&#8221;]<\/p>\n<h6><span style=\"vertical-align: inherit;\"><span style=\"vertical-align: inherit;\">TELEFONE:<\/span><\/span><\/h6>\n<p>[\/vc_column_text][vc_empty_space height=&#8221;5&#8243;][vc_column_text css=&#8221;&#8221;](11) 4024.1109[\/vc_column_text][vc_empty_space height=&#8221;12px&#8221;][vc_empty_space height=&#8221;14&#8243;]<a  itemprop=\"url\" href=\"https:\/\/api.whatsapp.com\/send\/?phone=5511975213291&amp;text&amp;type=phone_number&amp;app_absent=0\" target=\"_blank\" data-hover-background-color=#f2f5f7 data-hover-border-color=#cfcfd3 data-hover-color=#7d8186 class=\"qbutton  small center default\" style=\"color: #20282e; border-color: #cfcfd3; border-radius: 30px;-moz-border-radius: 30px;-webkit-border-radius: 30px; background-color: #cfcfd3;\">Fale Agora<\/a>[\/vc_column_inner][\/vc_row_inner][\/vc_column][vc_column width=&#8221;1\/2&#8243;][vc_column_text css=&#8221;&#8221;]<\/p>\n<h5>CONTATO<\/h5>\n<p>[\/vc_column_text][vc_column_text css=&#8221;.vc_custom_1718056525511{margin-top: 20px !important;}&#8221;]Para mais informa\u00e7\u00f5es, por favor preencha o formul\u00e1rio abaixo.<\/p>\n<p>N\u00f3s te responderemos em breve.[\/vc_column_text][vc_empty_space height=&#8221;20px&#8221;]\n<div class=\"wpcf7 no-js\" id=\"wpcf7-f6-o1\" lang=\"en-US\" dir=\"ltr\">\n<div class=\"screen-reader-response\"><p role=\"status\" aria-live=\"polite\" aria-atomic=\"true\"><\/p> <ul><\/ul><\/div>\n<form action=\"\/tsjgc\/wp-json\/wp\/v2\/pages\/742#wpcf7-f6-o1\" method=\"post\" class=\"wpcf7-form init cf7_custom_style_1\" aria-label=\"Contact form\" novalidate=\"novalidate\" data-status=\"init\">\n<div style=\"display: none;\">\n<input type=\"hidden\" name=\"_wpcf7\" value=\"6\" \/>\n<input type=\"hidden\" name=\"_wpcf7_version\" value=\"5.9.2\" \/>\n<input type=\"hidden\" name=\"_wpcf7_locale\" value=\"en_US\" \/>\n<input type=\"hidden\" name=\"_wpcf7_unit_tag\" value=\"wpcf7-f6-o1\" \/>\n<input type=\"hidden\" name=\"_wpcf7_container_post\" value=\"0\" \/>\n<input type=\"hidden\" name=\"_wpcf7_posted_data_hash\" value=\"\" \/>\n<\/div>\n<div class=\"clearfix\">\n\t<div id=\"left\">\n\t\t<p>NOME:<span class=\"wpcf7-form-control-wrap\" data-name=\"your-name\"><input size=\"40\" class=\"wpcf7-form-control wpcf7-text wpcf7-validates-as-required\" aria-required=\"true\" aria-invalid=\"false\" value=\"\" type=\"text\" name=\"your-name\" \/><\/span>\n\t\t<\/p>\n\t\t<p>E-MAIL: <span class=\"wpcf7-form-control-wrap\" data-name=\"your-subject\"><input size=\"40\" class=\"wpcf7-form-control wpcf7-text\" aria-invalid=\"false\" value=\"\" type=\"text\" name=\"your-subject\" \/><\/span>\n\t\t<\/p>\n\t<\/div>\n\t<div id=\"right\">\n\t\t<p>SOBRENOME: <span class=\"wpcf7-form-control-wrap\" data-name=\"your-email\"><input size=\"40\" class=\"wpcf7-form-control wpcf7-email wpcf7-validates-as-required wpcf7-text wpcf7-validates-as-email\" aria-required=\"true\" aria-invalid=\"false\" value=\"\" type=\"email\" name=\"your-email\" \/><\/span>\n\t\t<\/p>\n\t\t<p>TELEFONE: <span class=\"wpcf7-form-control-wrap\" data-name=\"tel-207\"><input size=\"40\" class=\"wpcf7-form-control wpcf7-tel wpcf7-text wpcf7-validates-as-tel\" aria-invalid=\"false\" value=\"\" type=\"tel\" name=\"tel-207\" \/><\/span>\n\t\t<\/p>\n\t<\/div>\n<\/div>\n<p>MENSAGEM: <span class=\"wpcf7-form-control-wrap\" data-name=\"your-message\"><textarea cols=\"40\" rows=\"10\" class=\"wpcf7-form-control wpcf7-textarea\" aria-invalid=\"false\" name=\"your-message\"><\/textarea><\/span>\n<\/p>\n<p><input class=\"wpcf7-form-control wpcf7-submit has-spinner\" type=\"submit\" value=\"Enviar\" \/>\n<\/p><div class=\"wpcf7-response-output\" aria-hidden=\"true\"><\/div>\n<\/form>\n<\/div>\n[\/vc_column][\/vc_row][vc_row css_animation=&#8221;&#8221; row_type=&#8221;row&#8221; use_row_as_full_screen_section=&#8221;no&#8221; type=&#8221;full_width&#8221; angled_section=&#8221;no&#8221; text_align=&#8221;left&#8221; background_image_as_pattern=&#8221;without_pattern&#8221;][vc_column][vc_empty_space][\/vc_column][\/vc_row][vc_row css_animation=&#8221;&#8221; row_type=&#8221;row&#8221; use_row_as_full_screen_section=&#8221;no&#8221; type=&#8221;full_width&#8221; angled_section=&#8221;no&#8221; text_align=&#8221;left&#8221; background_image_as_pattern=&#8221;without_pattern&#8221; z_index=&#8221;&#8221; css=&#8221;.vc_custom_1719594395354{margin-right: -150px !important;background-color: #cfcfd3 !important;}&#8221;][vc_column width=&#8221;1\/2&#8243; css=&#8221;.vc_custom_1719594275774{padding-right: 100px !important;}&#8221;][vc_gmaps link=&#8221;#E-8_JTNDaWZyYW1lJTIwc3JjJTNEJTIyaHR0cHMlM0ElMkYlMkZ3d3cuZ29vZ2xlLmNvbSUyRm1hcHMlMkZlbWJlZCUzRnBiJTNEJTIxMW0xNCUyMTFtOCUyMTFtMyUyMTFkMTQ2NTcuMTg2NDMxNDUxNTMzJTIxMmQtNDcuMjk0MjU3OCUyMTNkLTIzLjMwNDk5NDglMjEzbTIlMjExaTEwMjQlMjEyaTc2OCUyMTRmMTMuMSUyMTNtMyUyMTFtMiUyMTFzMHg5NGNmNWFkMmMxMGFkOTQ5JTI1M0EweDY1OTViYzZkN2I3NTQ4OGElMjEyc1RlcnJhcyUyNTIwZGUlMjUyMFMlMjVDMyUyNUEzbyUyNTIwSm9zJTI1QzMlMjVBOSUyNTIwR29sZmUlMjUyMENsdWJlJTIxNWUwJTIxM20yJTIxMXNwdC1CUiUyMTJzYnIlMjE0djE3MTk1ODUyMjU1MjglMjE1bTIlMjExc3B0LUJSJTIxMnNiciUyMiUyMHdpZHRoJTNEJTIyNjAwJTIyJTIwaGVpZ2h0JTNEJTIyMzIwJTIyJTIwc3R5bGUlM0QlMjJib3JkZXIlM0EwJTNCJTIyJTIwYWxsb3dmdWxsc2NyZWVuJTNEJTIyJTIyJTIwbG9hZGluZyUzRCUyMmxhenklMjIlMjByZWZlcnJlcnBvbGljeSUzRCUyMm5vLXJlZmVycmVyLXdoZW4tZG93bmdyYWRlJTIyJTNFJTNDJTJGaWZyYW1lJTNF&#8221; css=&#8221;&#8221;][\/vc_column][vc_column width=&#8221;1\/5&#8243; css=&#8221;.vc_custom_1719603747070{margin-left: -80px !important;}&#8221;][vc_empty_space height=&#8221;12px&#8221;][vc_empty_space height=&#8221;12px&#8221;][vc_single_image image=&#8221;523&#8243; img_size=&#8221;70X70&#8243; css=&#8221;&#8221; qode_css_animation=&#8221;&#8221;][vc_empty_space height=&#8221;12px&#8221;][vc_column_text css=&#8221;&#8221;]<\/p>\n<h6><span style=\"vertical-align: inherit;\"><span style=\"vertical-align: inherit;\">CONTE\u00daDO<\/span><\/span><\/h6>\n<p>[\/vc_column_text][vc_empty_space height=&#8221;12px&#8221;][vc_raw_html css=&#8221;&#8221;]JTNDcCUzRSUwQSUzQ2ZvbnQlMjBzaXplJTNEJTIyMSUyMiUyMGZhY2UlM0QlMjJWZXJkYW5hJTIyJTNFJTNDJTJGYSUwQSUzQ2JyJTNFJTNDYSUyMGhyZWYlM0QlMjJodHRwcyUzQSUyRiUyRmFnZW5jaWFta3QuY29tLmJyJTJGdHNqZ2MlMkZjb250YXRvJTJGJTIyJTNFQ09OVEFUTyUzQ2JyJTJGJTNFJTNDYSUyRiUzRSUwQSUzQ2JyJTNFJTNDYSUyMGhyZWYlM0QlMjJodHRwcyUzQSUyRiUyRmFnZW5jaWFta3QuY29tLmJyJTJGdHNqZ2MlMkZvLWNsdWJlJTJGJTIyJTNFTyUyMENMVUJFJTIwREUlMjBHT0xGRSUzQ2JyJTJGJTNFJTNDYSUyRiUzRSUwQSUzQ2JyJTNFJTNDYSUyMGhyZWYlM0QlMjJodHRwcyUzQSUyRiUyRmFnZW5jaWFta3QuY29tLmJyJTJGdHNqZ2MlMkZvLWNhbXBvJTJGJTIyJTNFTyUyMENBTVBPJTIwREUlMjBHT0xGRSUzQ2JyJTJGJTNFJTNDYSUyRiUzRSUwQSUzQ2JyJTNFJTNDYSUyMGhyZWYlM0QlMjJodHRwcyUzQSUyRiUyRmFnZW5jaWFta3QuY29tLmJyJTJGdHNqZ2MlMkZjbGluaWNhcyUyRiUyMiUzRUNMJUMzJThETklDQVMlMjBERSUyMEdPTEZFJTNDYnIlMkYlM0UlM0NhJTJGJTNFJTBBJTNDYnIlM0UlM0NhJTIwaHJlZiUzRCUyMmh0dHBzJTNBJTJGJTJGYWdlbmNpYW1rdC5jb20uYnIlMkZ0c2pnYyUyRmhvcmFyaW9zLWUtdmFsb3Jlcy0yJTJGJTIyJTNFSE9SJUMzJTgxUklPUyUyMEUlMjBWQUxPUkVTJTIwRE8lMjBDTFVCRSUyMERFJTIwR09MRkUlM0NiciUyRiUzRSUzQ2ElMkYlM0UlMEElM0MlMkZmb250JTNFJTBBJTNDJTJGcCUzRQ==[\/vc_raw_html][vc_empty_space height=&#8221;12px&#8221;][\/vc_column][vc_column width=&#8221;1\/4&#8243; css=&#8221;.vc_custom_1719603755323{margin-left: -120px !important;}&#8221;][vc_empty_space height=&#8221;12px&#8221;][vc_empty_space height=&#8221;12px&#8221;][vc_single_image image=&#8221;1182&#8243; img_size=&#8221;full&#8221; css=&#8221;&#8221; qode_css_animation=&#8221;&#8221;][vc_empty_space height=&#8221;8&#8243;][vc_empty_space height=&#8221;12px&#8221;][vc_empty_space height=&#8221;12px&#8221;][vc_column_text css=&#8221;&#8221;]<span style=\"color: #20282e;\"><strong>L O C A L I Z A \u00c7 \u00c3 O\u00a0 \u00a0 \u00a0 \u00a0 \u00a0 \u00a0 \u00a0 \u00a0 \u00a0 \u00a0 \u00a0 \u00a0 \u00a0 \u00a0 \u00a0 \u00a0 \u00a0 \u00a0<a href=\"https:\/\/www.instagram.com\/terrasdesaojosegolfe\/\" target=\"_blank\" rel=\"noopener\"><img loading=\"lazy\" decoding=\"async\" class=\"alignnone wp-image-1282 size-full\" src=\"https:\/\/agenciamkt.com.br\/tsjgc\/wp-content\/uploads\/2024\/07\/insta.png\" alt=\"\" width=\"16\" height=\"16\" \/><\/a><\/strong><\/span>[\/vc_column_text][vc_raw_html css=&#8221;&#8221;]JTNDcCUzRSUwQSUzQ2ZvbnQlMjBzaXplJTNEJTIyMSUyMiUzRSUwQSUwQXNhJUMzJUFEZGElMjA3OCUyMHJvZG92aWElMjAtJTIwY2FzdGVsbG8lMjBicmFuY28lMjBzZW50aWRvJTIwJTNDYnIlM0VpdHUlMjBzYSVDMyVBRGRhJTIwMTZhJTIwZGElMjByb2RvdmlhJTIwZG8lMjBhJUMzJUE3dWNhciUyMC0lMjBzcCUyMDc5JTBBJTBBJTNDJTJGZm9udCUzRSUwQSUzQyUyRnAlM0U=[\/vc_raw_html][vc_empty_space height=&#8221;5&#8243;][vc_separator type=&#8221;small&#8221; position=&#8221;left&#8221; color=&#8221;#ffffff&#8221; thickness=&#8221;1&#8243; width=&#8221;200&#8243;][vc_column_text css=&#8221;&#8221;]<\/p>\n<h6><span style=\"vertical-align: inherit;\"><span style=\"vertical-align: inherit;\">SOBRE N\u00d3S<\/span><\/span><\/h6>\n<p>[\/vc_column_text][vc_empty_space height=&#8221;8&#8243;][vc_raw_html css=&#8221;&#8221;]JTNDcCUzRSUwQSUzQ2ZvbnQlMjBzaXplJTNEJTIyMSUyMiUzRSUwQU8lMjBUZXJyYXMlMjBkZSUyMFMlQzMlQTNvJTIwSm9zJUMzJUE5JTIwR29sZmUlMjBDbHViZSUyQyUyMGlkZWFsaXphZG8lMjBhJTIwcGFydGlyJTIwZGUlMjBwZXNxdWlzYXMlMjBpbnRlcm5hY2lvbmFpcyUyMHBlbG8lMjBHcnVwbyUyMFNlbnBhciUyMFRlcnJhcyUyMGRlJTIwUyVDMyVBM28lMjBKb3MlQzMlQTklMkMlMjBlc3QlQzMlQTElMjBlbnRyZSUyMG9zJTIwZGV6JTIwbWVsaG9yZXMlMjBjbHViZXMlMjBkZSUyMGdvbGZlJTIwZG8lMjBCcmFzaWwuJTIwJUMzJTg5JTIwdW0lMjBkb3MlMjBwb3Vjb3MlMjBjYW1wb3MlMjBkZSUyMGdvbGZlJTIwcHJpdmFkb3MlMjBkbyUyMHBhJUMzJUFEcyUyQyUyMHBpb25laXJvJTIwZW0lMjBsb3RlYW1lbnRvcyUyMGZlY2hhZG9zJTIwZGUlMjBhbHRvJTIwcGFkciVDMyVBM28lMjBvbmRlJTIwbyUyMGdvbGZlJTIwZ2FuaGElMjB1bSUyMGRlc3RhcXVlJTIwdml0YWwlMjBwYXJhJTIwY29uZCVDMyVCNG1pbm9zJTIwZSUyMGFzc29jaWFkb3MuJTBBJTNDJTJGZm9udCUzRSUwQSUzQyUyRnAlM0U=[\/vc_raw_html][vc_empty_space height=&#8221;12px&#8221;][\/vc_column][\/vc_row]<\/p>\n<\/div>","protected":false},"excerpt":{"rendered":"<p>[vc_row css_animation=&#8221;&#8221; row_type=&#8221;row&#8221; use_row_as_full_screen_section=&#8221;no&#8221; type=&#8221;grid&#8221; angled_section=&#8221;no&#8221; text_align=&#8221;left&#8221; background_image_as_pattern=&#8221;without_pattern&#8221; z_index=&#8221;&#8221; css=&#8221;.vc_custom_1718110336271{padding-top: 200px !important;}&#8221;][vc_column width=&#8221;1\/2&#8243;][vc_column_text css=&#8221;&#8221;] ESTAMOS TE ESPERANDO [\/vc_column_text][vc_column_text css=&#8221;&#8221;]Atendimento da secretaria de ter\u00e7a-feira a domingo: 7:00 \u00e0s 17:30[\/vc_column_text][vc_row_inner row_type=&#8221;row&#8221; type=&#8221;full_width&#8221; text_align=&#8221;left&#8221; css_animation=&#8221;&#8221; css=&#8221;.vc_custom_1718110404960{margin-top: 160px !important;}&#8221;][vc_column_inner width=&#8221;1\/2&#8243;][vc_column_text css=&#8221;.vc_custom_1718109624151{padding-top: 100px !important;}&#8221;] ENDERE\u00c7O: [\/vc_column_text][vc_empty_space height=&#8221;5&#8243;][vc_column_text css=&#8221;&#8221;]Sa\u00edda 78 da&#8230;<\/p>\n","protected":false},"author":1,"featured_media":0,"parent":0,"menu_order":0,"comment_status":"closed","ping_status":"closed","template":"full_width.php","meta":{"footnotes":""},"_links":{"self":[{"href":"https:\/\/agenciamkt.com.br\/tsjgc\/wp-json\/wp\/v2\/pages\/742"}],"collection":[{"href":"https:\/\/agenciamkt.com.br\/tsjgc\/wp-json\/wp\/v2\/pages"}],"about":[{"href":"https:\/\/agenciamkt.com.br\/tsjgc\/wp-json\/wp\/v2\/types\/page"}],"author":[{"embeddable":true,"href":"https:\/\/agenciamkt.com.br\/tsjgc\/wp-json\/wp\/v2\/users\/1"}],"replies":[{"embeddable":true,"href":"https:\/\/agenciamkt.com.br\/tsjgc\/wp-json\/wp\/v2\/comments?post=742"}],"version-history":[{"count":34,"href":"https:\/\/agenciamkt.com.br\/tsjgc\/wp-json\/wp\/v2\/pages\/742\/revisions"}],"predecessor-version":[{"id":1299,"href":"https:\/\/agenciamkt.com.br\/tsjgc\/wp-json\/wp\/v2\/pages\/742\/revisions\/1299"}],"wp:attachment":[{"href":"https:\/\/agenciamkt.com.br\/tsjgc\/wp-json\/wp\/v2\/media?parent=742"}],"curies":[{"name":"wp","href":"https:\/\/api.w.org\/{rel}","templated":true}]}}