{"id":698,"date":"2024-06-10T20:38:38","date_gmt":"2024-06-10T20:38:38","guid":{"rendered":"https:\/\/agenciamkt.com.br\/tsjgc\/?page_id=698"},"modified":"2024-07-03T17:42:08","modified_gmt":"2024-07-03T17:42:08","slug":"realizacao","status":"publish","type":"page","link":"https:\/\/agenciamkt.com.br\/tsjgc\/realizacao\/","title":{"rendered":"Realiza\u00e7\u00e3o"},"content":{"rendered":"<div class=\"wpb-content-wrapper\"><p>[vc_row css_animation=&#8221;&#8221; row_type=&#8221;row&#8221; use_row_as_full_screen_section=&#8221;no&#8221; type=&#8221;full_width&#8221; angled_section=&#8221;no&#8221; text_align=&#8221;left&#8221; background_image_as_pattern=&#8221;without_pattern&#8221;][vc_column][rev_slider_vc alias=&#8221;realizacao&#8221;][\/vc_column][\/vc_row][vc_row css_animation=&#8221;&#8221; row_type=&#8221;row&#8221; use_row_as_full_screen_section=&#8221;no&#8221; type=&#8221;full_width&#8221; angled_section=&#8221;no&#8221; text_align=&#8221;left&#8221; background_image_as_pattern=&#8221;without_pattern&#8221;][vc_column][vc_empty_space height=&#8221;30&#8243;][vc_empty_space height=&#8221;30&#8243;][\/vc_column][\/vc_row][vc_row css_animation=&#8221;&#8221; row_type=&#8221;row&#8221; use_row_as_full_screen_section=&#8221;no&#8221; type=&#8221;grid&#8221; angled_section=&#8221;no&#8221; text_align=&#8221;center&#8221; background_image_as_pattern=&#8221;without_pattern&#8221; z_index=&#8221;&#8221;][vc_column][vc_column_text css=&#8221;&#8221;]<\/p>\n<h6 style=\"text-align: center;\">HIST\u00d3RIA DE TRADI\u00c7\u00c3O E PIONEIRISMO. OBRAS DE<\/h6>\n<h6 style=\"text-align: center;\">INFRAESTRUTURA, LOTEAMENTOS, HOTELARIA E SHOPPINGS.<\/h6>\n<p>[\/vc_column_text][\/vc_column][\/vc_row][vc_row css_animation=&#8221;&#8221; row_type=&#8221;row&#8221; use_row_as_full_screen_section=&#8221;no&#8221; type=&#8221;full_width&#8221; angled_section=&#8221;no&#8221; text_align=&#8221;left&#8221; background_image_as_pattern=&#8221;without_pattern&#8221;][vc_column][vc_empty_space height=&#8221;45&#8243;][\/vc_column][\/vc_row][vc_row css_animation=&#8221;&#8221; row_type=&#8221;row&#8221; use_row_as_full_screen_section=&#8221;no&#8221; type=&#8221;grid&#8221; angled_section=&#8221;no&#8221; text_align=&#8221;left&#8221; background_image_as_pattern=&#8221;without_pattern&#8221; z_index=&#8221;&#8221;][vc_column width=&#8221;1\/2&#8243;][vc_column_text css=&#8221;&#8221;]<\/p>\n<p style=\"text-align: left;\">A hist\u00f3ria do Grupo come\u00e7a com um Brasil sem fronteiras, de riquezas inexploradas e com regi\u00f5es isoladas do progresso. Era este o relato do Brasil na d\u00e9cada de 60.<\/p>\n<p>&nbsp;<\/p>\n<p style=\"text-align: left;\">Em 1963 foi criada a SENPAR \u2013 Sociedade de Engenharia e Pavimenta\u00e7\u00e3o Rodovi\u00e1ria \u2013 com o esp\u00edrito de participar do crescimento estrutural brasileiro. Fundada pelo Engenheiro Jacob Federmann a empresa voltou-se \u00e0 constru\u00e7\u00e3o de estradas e obras de engenharia pesada. Logo com a chegada do Dr. Rosaldo Malucelli em 1967, teve um novo impulso para acompanhar a crescente oferta de obras de infraestrutura que surgiam.<\/p>\n<p>&nbsp;<\/p>\n<p style=\"text-align: left;\">Com o orgulho de ser uma das pioneiras do ramo, O Grupo Senpar acumulou em sua hist\u00f3ria um curr\u00edculo respeit\u00e1vel pela constru\u00e7\u00e3o e manuten\u00e7\u00e3o de eixos importantes de desenvolvimento tais como: Rodovia Castelo Branco, Anhanguera, Bandeirantes, Washington Lu\u00eds, Dom Pedro I, Luiz de Queiroz e Rio-Santos entre outras,<\/p>\n<p>[\/vc_column_text][vc_empty_space][\/vc_column][vc_column width=&#8221;1\/2&#8243;][vc_column_text css=&#8221;&#8221;]sendo uma boa parte de toda a malha vi\u00e1ria do Estado de S\u00e3o Paulo, al\u00e9m de dezenas de estradas vicinais.<\/p>\n<p>&nbsp;<\/p>\n<p>Sempre acompanhando as mudan\u00e7as de mercado, o Grupo expandiu seus neg\u00f3cios, formando parcerias e investindo em concess\u00f5es rodovi\u00e1rias.<\/p>\n<p>&nbsp;<\/p>\n<p>Em 1998 participou da Renovias S.A, uma nova empresa respons\u00e1vel pela administra\u00e7\u00e3o e amplia\u00e7\u00e3o da malha vi\u00e1ria que liga Campinas a Minas Gerais por cerca de 291 Km de pistas asfaltadas, e ainda da Rodosul \u2013 Rodovia BR-116 no Rio Grande do Sul.<\/p>\n<p>&nbsp;<\/p>\n<p>Ao longo destes anos a Senpar participou e participa em mais de 3.500 km de pistas constru\u00eddas e mantidas.[\/vc_column_text][\/vc_column][\/vc_row][vc_row css_animation=&#8221;&#8221; row_type=&#8221;row&#8221; use_row_as_full_screen_section=&#8221;no&#8221; type=&#8221;full_width&#8221; angled_section=&#8221;no&#8221; text_align=&#8221;left&#8221; background_image_as_pattern=&#8221;without_pattern&#8221;][vc_column][vc_empty_space][\/vc_column][\/vc_row][vc_row css_animation=&#8221;&#8221; row_type=&#8221;row&#8221; use_row_as_full_screen_section=&#8221;no&#8221; type=&#8221;grid&#8221; angled_section=&#8221;no&#8221; text_align=&#8221;left&#8221; background_image_as_pattern=&#8221;without_pattern&#8221; z_index=&#8221;&#8221;][vc_column]\n<div id=\"rev_slider_14_1_wrapper\" class=\"rev_slider_wrapper fullwidthbanner-container\" data-source=\"gallery\" style=\"margin:0px auto;background:transparent;padding:0px;margin-top:0px;margin-bottom:0px;\">\n<!-- START REVOLUTION SLIDER 5.4.8 auto mode -->\n\t<div id=\"rev_slider_14_1\" class=\"rev_slider fullwidthabanner\" style=\"display:none;\" data-version=\"5.4.8\">\n<ul>\t<!-- SLIDE  -->\n\t<li data-index=\"rs-19\" data-transition=\"fade\" data-slotamount=\"default\" data-hideafterloop=\"0\" data-hideslideonmobile=\"off\"  data-easein=\"default\" data-easeout=\"default\" data-masterspeed=\"300\"  data-thumb=\"https:\/\/agenciamkt.com.br\/tsjgc\/wp-content\/uploads\/2024\/06\/realizacao2-100x50.png\"  data-rotate=\"0\"  data-saveperformance=\"off\"  data-title=\"Slide\" data-param1=\"\" data-param2=\"\" data-param3=\"\" data-param4=\"\" data-param5=\"\" data-param6=\"\" data-param7=\"\" data-param8=\"\" data-param9=\"\" data-param10=\"\" data-description=\"\">\n\t\t<!-- MAIN IMAGE -->\n\t\t<img loading=\"lazy\" decoding=\"async\" src=\"https:\/\/agenciamkt.com.br\/tsjgc\/wp-content\/uploads\/2024\/06\/realizacao2.png\"  alt=\"\" title=\"realizacao2\"  width=\"1561\" height=\"664\" data-bgposition=\"center center\" data-bgfit=\"cover\" data-bgrepeat=\"no-repeat\" class=\"rev-slidebg\" data-no-retina>\n\t\t<!-- LAYERS -->\n\n\t\t<!-- LAYER NR. 1 -->\n\t\t<h6 class=\"tp-caption   tp-resizeme\" \n\t\t\t id=\"slide-19-layer-1\" \n\t\t\t data-x=\"65\" \n\t\t\t data-y=\"525\" \n\t\t\t\t\t\tdata-width=\"['auto']\"\n\t\t\tdata-height=\"['auto']\"\n \n\t\t\tdata-type=\"text\" \n\t\t\tdata-responsive_offset=\"on\" \n\n\t\t\tdata-frames='[{\"delay\":10,\"speed\":300,\"frame\":\"0\",\"from\":\"opacity:0;\",\"to\":\"o:1;\",\"ease\":\"Power3.easeInOut\"},{\"delay\":\"wait\",\"speed\":300,\"frame\":\"999\",\"to\":\"opacity:0;\",\"ease\":\"Power3.easeInOut\"}]'\n\t\t\tdata-textAlign=\"['inherit','inherit','inherit','inherit']\"\n\t\t\tdata-paddingtop=\"[0,0,0,0]\"\n\t\t\tdata-paddingright=\"[0,0,0,0]\"\n\t\t\tdata-paddingbottom=\"[0,0,0,0]\"\n\t\t\tdata-paddingleft=\"[0,0,0,0]\"\n\n\t\t\tstyle=\"z-index: 5; white-space: nowrap; font-size: 44px; line-height: 22px; font-weight: 500; color: #ffffff; letter-spacing: 1px;text-transform:uppercase;cursor:pointer;\">loteamentos <\/h6>\n\t<\/li>\n\t<!-- SLIDE  -->\n\t<li data-index=\"rs-21\" data-transition=\"fade\" data-slotamount=\"default\" data-hideafterloop=\"0\" data-hideslideonmobile=\"off\"  data-easein=\"default\" data-easeout=\"default\" data-masterspeed=\"300\"  data-thumb=\"https:\/\/agenciamkt.com.br\/tsjgc\/wp-content\/uploads\/2024\/06\/shopping-100x50.png\"  data-rotate=\"0\"  data-saveperformance=\"off\"  data-title=\"Slide\" data-param1=\"\" data-param2=\"\" data-param3=\"\" data-param4=\"\" data-param5=\"\" data-param6=\"\" data-param7=\"\" data-param8=\"\" data-param9=\"\" data-param10=\"\" data-description=\"\">\n\t\t<!-- MAIN IMAGE -->\n\t\t<img loading=\"lazy\" decoding=\"async\" src=\"https:\/\/agenciamkt.com.br\/tsjgc\/wp-content\/uploads\/2024\/06\/shopping.png\"  alt=\"\" title=\"shopping\"  width=\"1561\" height=\"664\" data-bgposition=\"center center\" data-bgfit=\"cover\" data-bgrepeat=\"no-repeat\" class=\"rev-slidebg\" data-no-retina>\n\t\t<!-- LAYERS -->\n\n\t\t<!-- LAYER NR. 2 -->\n\t\t<h6 class=\"tp-caption   tp-resizeme\" \n\t\t\t id=\"slide-21-layer-1\" \n\t\t\t data-x=\"65\" \n\t\t\t data-y=\"525\" \n\t\t\t\t\t\tdata-width=\"['auto']\"\n\t\t\tdata-height=\"['auto']\"\n \n\t\t\tdata-type=\"text\" \n\t\t\tdata-responsive_offset=\"on\" \n\n\t\t\tdata-frames='[{\"delay\":10,\"speed\":300,\"frame\":\"0\",\"from\":\"opacity:0;\",\"to\":\"o:1;\",\"ease\":\"Power3.easeInOut\"},{\"delay\":\"wait\",\"speed\":300,\"frame\":\"999\",\"to\":\"opacity:0;\",\"ease\":\"Power3.easeInOut\"}]'\n\t\t\tdata-textAlign=\"['inherit','inherit','inherit','inherit']\"\n\t\t\tdata-paddingtop=\"[0,0,0,0]\"\n\t\t\tdata-paddingright=\"[0,0,0,0]\"\n\t\t\tdata-paddingbottom=\"[0,0,0,0]\"\n\t\t\tdata-paddingleft=\"[0,0,0,0]\"\n\n\t\t\tstyle=\"z-index: 5; white-space: nowrap; font-size: 44px; line-height: 22px; font-weight: 500; color: #ffffff; letter-spacing: 1px;text-transform:uppercase;cursor:pointer;\">shoppings <\/h6>\n\t<\/li>\n<\/ul>\n<script>var htmlDiv = document.getElementById(\"rs-plugin-settings-inline-css\"); var htmlDivCss=\"\";\r\n\t\t\t\t\t\tif(htmlDiv) {\r\n\t\t\t\t\t\t\thtmlDiv.innerHTML = htmlDiv.innerHTML + htmlDivCss;\r\n\t\t\t\t\t\t}else{\r\n\t\t\t\t\t\t\tvar htmlDiv = document.createElement(\"div\");\r\n\t\t\t\t\t\t\thtmlDiv.innerHTML = \"<style>\" + htmlDivCss + \"<\/style>\";\r\n\t\t\t\t\t\t\tdocument.getElementsByTagName(\"head\")[0].appendChild(htmlDiv.childNodes[0]);\r\n\t\t\t\t\t\t}\r\n\t\t\t\t\t<\/script>\n<div class=\"tp-bannertimer tp-bottom\" style=\"visibility: hidden !important;\"><\/div>\t<\/div>\n<script>var htmlDiv = document.getElementById(\"rs-plugin-settings-inline-css\"); var htmlDivCss=\"\";\r\n\t\t\t\tif(htmlDiv) {\r\n\t\t\t\t\thtmlDiv.innerHTML = htmlDiv.innerHTML + htmlDivCss;\r\n\t\t\t\t}else{\r\n\t\t\t\t\tvar htmlDiv = document.createElement(\"div\");\r\n\t\t\t\t\thtmlDiv.innerHTML = \"<style>\" + htmlDivCss + \"<\/style>\";\r\n\t\t\t\t\tdocument.getElementsByTagName(\"head\")[0].appendChild(htmlDiv.childNodes[0]);\r\n\t\t\t\t}\r\n\t\t\t<\/script>\n\t\t<script type=\"text\/javascript\">\r\nif (setREVStartSize!==undefined) setREVStartSize(\r\n\t{c: '#rev_slider_14_1', gridwidth: [1561], gridheight: [664], sliderLayout: 'auto'});\r\n\t\t\t\r\nvar revapi14,\r\n\ttpj;\t\r\n(function() {\t\t\t\r\n\tif (!\/loaded|interactive|complete\/.test(document.readyState)) document.addEventListener(\"DOMContentLoaded\",onLoad); else onLoad();\t\r\n\tfunction onLoad() {\t\t\t\t\r\n\t\tif (tpj===undefined) { tpj = jQuery; if(\"off\" == \"on\") tpj.noConflict();}\r\n\tif(tpj(\"#rev_slider_14_1\").revolution == undefined){\n\t\trevslider_showDoubleJqueryError(\"#rev_slider_14_1\");\n\t}else{\n\t\trevapi14 = tpj(\"#rev_slider_14_1\").show().revolution({\n\t\t\tsliderType:\"standard\",\n\t\t\tjsFileLocation:\"\/\/agenciamkt.com.br\/tsjgc\/wp-content\/plugins\/revslider\/public\/assets\/js\/\",\n\t\t\tsliderLayout:\"auto\",\n\t\t\tdottedOverlay:\"none\",\n\t\t\tdelay:9000,\n\t\t\tnavigation: {\n\t\t\t\tkeyboardNavigation:\"off\",\n\t\t\t\tkeyboard_direction: \"horizontal\",\n\t\t\t\tmouseScrollNavigation:\"off\",\n \t\t\t\t\t\t\tmouseScrollReverse:\"default\",\n\t\t\t\tonHoverStop:\"off\",\n\t\t\t\tarrows: {\n\t\t\t\t\tstyle:\"hephaistos\",\n\t\t\t\t\tenable:true,\n\t\t\t\t\thide_onmobile:false,\n\t\t\t\t\thide_onleave:false,\n\t\t\t\t\ttmp:'',\n\t\t\t\t\tleft: {\n\t\t\t\t\t\th_align:\"left\",\n\t\t\t\t\t\tv_align:\"center\",\n\t\t\t\t\t\th_offset:-20,\n\t\t\t\t\t\tv_offset:0\n\t\t\t\t\t},\n\t\t\t\t\tright: {\n\t\t\t\t\t\th_align:\"right\",\n\t\t\t\t\t\tv_align:\"center\",\n\t\t\t\t\t\th_offset:-20,\n\t\t\t\t\t\tv_offset:0\n\t\t\t\t\t}\n\t\t\t\t}\n\t\t\t},\n\t\t\tvisibilityLevels:[1240,1024,778,480],\n\t\t\tgridwidth:1561,\n\t\t\tgridheight:664,\n\t\t\tlazyType:\"none\",\n\t\t\tshadow:0,\n\t\t\tspinner:\"spinner0\",\n\t\t\tstopLoop:\"off\",\n\t\t\tstopAfterLoops:-1,\n\t\t\tstopAtSlide:-1,\n\t\t\tshuffle:\"off\",\n\t\t\tautoHeight:\"off\",\n\t\t\tdisableProgressBar:\"on\",\n\t\t\thideThumbsOnMobile:\"off\",\n\t\t\thideSliderAtLimit:0,\n\t\t\thideCaptionAtLimit:0,\n\t\t\thideAllCaptionAtLilmit:0,\n\t\t\tdebugMode:false,\n\t\t\tfallbacks: {\n\t\t\t\tsimplifyAll:\"off\",\n\t\t\t\tnextSlideOnWindowFocus:\"off\",\n\t\t\t\tdisableFocusListener:false,\n\t\t\t}\n\t\t});\n\t}; \/* END OF revapi call *\/\n\t\n }; \/* END OF ON LOAD FUNCTION *\/\r\n}()); \/* END OF WRAPPING FUNCTION *\/\r\n<\/script>\r\n\t\t<script>\r\n\t\t\t\t\tvar htmlDivCss = unescape(\".hephaistos.tparrows%20%7B%0A%09cursor%3Apointer%3B%0A%09background%3Argba%28255%2C%20255%2C%20255%2C%200.5%29%3B%0A%09width%3A40px%3B%0A%09height%3A40px%3B%0A%09position%3Aabsolute%3B%0A%09display%3Ablock%3B%0A%09z-index%3A100%3B%0A%20%20%20%20border-radius%3A50%25%3B%0A%7D%0A.hephaistos.tparrows%3Ahover%20%7B%0A%09background%3Argba%280%2C%200%2C%200%2C%200.04%29%3B%0A%7D%0A.hephaistos.tparrows%3Abefore%20%7B%0A%09font-family%3A%20%22revicons%22%3B%0A%09font-size%3A18px%3B%0A%09color%3Argb%280%2C%200%2C%200%29%3B%0A%09display%3Ablock%3B%0A%09line-height%3A%2040px%3B%0A%09text-align%3A%20center%3B%0A%7D%0A.hephaistos.tparrows.tp-leftarrow%3Abefore%20%7B%0A%09content%3A%20%22%5Ce82c%22%3B%0A%20%20%20%20margin-left%3A-2px%3B%0A%20%20%0A%7D%0A.hephaistos.tparrows.tp-rightarrow%3Abefore%20%7B%0A%09content%3A%20%22%5Ce82d%22%3B%0A%20%20%20%20margin-right%3A-2px%3B%0A%7D%0A%0A%0A\");\r\n\t\t\t\t\tvar htmlDiv = document.getElementById('rs-plugin-settings-inline-css');\r\n\t\t\t\t\tif(htmlDiv) {\r\n\t\t\t\t\t\thtmlDiv.innerHTML = htmlDiv.innerHTML + htmlDivCss;\r\n\t\t\t\t\t}\r\n\t\t\t\t\telse{\r\n\t\t\t\t\t\tvar htmlDiv = document.createElement('div');\r\n\t\t\t\t\t\thtmlDiv.innerHTML = '<style>' + htmlDivCss + '<\/style>';\r\n\t\t\t\t\t\tdocument.getElementsByTagName('head')[0].appendChild(htmlDiv.childNodes[0]);\r\n\t\t\t\t\t}\r\n\t\t\t\t  <\/script>\r\n\t\t\t\t<\/div><!-- END REVOLUTION SLIDER -->[\/vc_column][\/vc_row][vc_row css_animation=&#8221;&#8221; row_type=&#8221;row&#8221; use_row_as_full_screen_section=&#8221;no&#8221; type=&#8221;full_width&#8221; angled_section=&#8221;no&#8221; text_align=&#8221;left&#8221; background_image_as_pattern=&#8221;without_pattern&#8221;][vc_column][vc_empty_space][\/vc_column][\/vc_row][vc_row css_animation=&#8221;&#8221; row_type=&#8221;row&#8221; use_row_as_full_screen_section=&#8221;no&#8221; type=&#8221;full_width&#8221; angled_section=&#8221;no&#8221; text_align=&#8221;left&#8221; background_image_as_pattern=&#8221;without_pattern&#8221;][vc_column][vc_empty_space][\/vc_column][\/vc_row][vc_row css_animation=&#8221;&#8221; row_type=&#8221;row&#8221; use_row_as_full_screen_section=&#8221;no&#8221; type=&#8221;grid&#8221; angled_section=&#8221;no&#8221; text_align=&#8221;left&#8221; background_image_as_pattern=&#8221;without_pattern&#8221; z_index=&#8221;&#8221;][vc_column][vc_column_text css=&#8221;&#8221;]<\/p>\n<h6 style=\"text-align: center;\">O PRIMEIRO LOTEAMENTO FECHADO DO BRASIL<\/h6>\n<p>[\/vc_column_text][\/vc_column][\/vc_row][vc_row css_animation=&#8221;&#8221; row_type=&#8221;row&#8221; use_row_as_full_screen_section=&#8221;no&#8221; type=&#8221;full_width&#8221; angled_section=&#8221;no&#8221; text_align=&#8221;left&#8221; background_image_as_pattern=&#8221;without_pattern&#8221;][vc_column][vc_empty_space][\/vc_column][\/vc_row][vc_row css_animation=&#8221;&#8221; row_type=&#8221;row&#8221; use_row_as_full_screen_section=&#8221;no&#8221; type=&#8221;full_width&#8221; angled_section=&#8221;no&#8221; text_align=&#8221;left&#8221; background_image_as_pattern=&#8221;without_pattern&#8221;][vc_column][vc_empty_space][\/vc_column][\/vc_row][vc_row css_animation=&#8221;&#8221; row_type=&#8221;row&#8221; use_row_as_full_screen_section=&#8221;no&#8221; type=&#8221;grid&#8221; angled_section=&#8221;no&#8221; text_align=&#8221;left&#8221; background_image_as_pattern=&#8221;without_pattern&#8221; z_index=&#8221;&#8221;][vc_column width=&#8221;1\/2&#8243;][vc_column_text css=&#8221;&#8221;]<\/p>\n<p style=\"text-align: left;\">A hist\u00f3ria do Grupo come\u00e7a com um Brasil sem fronteiras, de riquezas inexploradas e com regi\u00f5es isoladas do progresso. Era este o relato do Brasil na d\u00e9cada de 60.<\/p>\n<p>&nbsp;<\/p>\n<p style=\"text-align: left;\">Em 1963 foi criada a SENPAR \u2013 Sociedade de Engenharia e Pavimenta\u00e7\u00e3o Rodovi\u00e1ria \u2013 com o esp\u00edrito de participar do crescimento estrutural brasileiro. Fundada pelo Engenheiro Jacob Federmann a empresa voltou-se \u00e0 constru\u00e7\u00e3o de estradas e obras de engenharia pesada. Logo com a chegada do Dr. Rosaldo Malucelli em 1967, teve um novo impulso para acompanhar a crescente oferta de obras de infraestrutura que surgiam.<\/p>\n<p>&nbsp;<\/p>\n<p style=\"text-align: left;\">Com o orgulho de ser uma das pioneiras do ramo, O Grupo Senpar acumulou em sua hist\u00f3ria um curr\u00edculo respeit\u00e1vel pela constru\u00e7\u00e3o e manuten\u00e7\u00e3o de eixos importantes de desenvolvimento tais como: Rodovia Castelo Branco, Anhanguera, Bandeirantes, Washington Lu\u00eds, Dom Pedro I, Luiz de Queiroz e Rio-Santos entre outras,<\/p>\n<p>[\/vc_column_text][vc_empty_space][\/vc_column][vc_column width=&#8221;1\/2&#8243;][vc_column_text css=&#8221;&#8221;]sendo uma boa parte de toda a malha vi\u00e1ria do Estado de S\u00e3o Paulo, al\u00e9m de dezenas de estradas vicinais.<\/p>\n<p>&nbsp;<\/p>\n<p>Sempre acompanhando as mudan\u00e7as de mercado, o Grupo expandiu seus neg\u00f3cios, formando parcerias e investindo em concess\u00f5es rodovi\u00e1rias.<\/p>\n<p>&nbsp;<\/p>\n<p>Em 1998 participou da Renovias S.A, uma nova empresa respons\u00e1vel pela administra\u00e7\u00e3o e amplia\u00e7\u00e3o da malha vi\u00e1ria que liga Campinas a Minas Gerais por cerca de 291 Km de pistas asfaltadas, e ainda da Rodosul \u2013 Rodovia BR-116 no Rio Grande do Sul.<\/p>\n<p>&nbsp;<\/p>\n<p>Ao longo destes anos a Senpar participou e participa em mais de 3.500 km de pistas constru\u00eddas e mantidas.[\/vc_column_text][\/vc_column][\/vc_row][vc_row css_animation=&#8221;&#8221; row_type=&#8221;row&#8221; use_row_as_full_screen_section=&#8221;no&#8221; type=&#8221;full_width&#8221; angled_section=&#8221;no&#8221; text_align=&#8221;left&#8221; background_image_as_pattern=&#8221;without_pattern&#8221;][vc_column][vc_empty_space][\/vc_column][\/vc_row][vc_row css_animation=&#8221;&#8221; row_type=&#8221;row&#8221; use_row_as_full_screen_section=&#8221;no&#8221; type=&#8221;full_width&#8221; angled_section=&#8221;no&#8221; text_align=&#8221;left&#8221; background_image_as_pattern=&#8221;without_pattern&#8221; z_index=&#8221;&#8221; css=&#8221;.vc_custom_1719594395354{margin-right: -150px !important;background-color: #cfcfd3 !important;}&#8221;][vc_column width=&#8221;1\/2&#8243; css=&#8221;.vc_custom_1719594275774{padding-right: 100px !important;}&#8221;][vc_gmaps link=&#8221;#E-8_JTNDaWZyYW1lJTIwc3JjJTNEJTIyaHR0cHMlM0ElMkYlMkZ3d3cuZ29vZ2xlLmNvbSUyRm1hcHMlMkZlbWJlZCUzRnBiJTNEJTIxMW0xNCUyMTFtOCUyMTFtMyUyMTFkMTQ2NTcuMTg2NDMxNDUxNTMzJTIxMmQtNDcuMjk0MjU3OCUyMTNkLTIzLjMwNDk5NDglMjEzbTIlMjExaTEwMjQlMjEyaTc2OCUyMTRmMTMuMSUyMTNtMyUyMTFtMiUyMTFzMHg5NGNmNWFkMmMxMGFkOTQ5JTI1M0EweDY1OTViYzZkN2I3NTQ4OGElMjEyc1RlcnJhcyUyNTIwZGUlMjUyMFMlMjVDMyUyNUEzbyUyNTIwSm9zJTI1QzMlMjVBOSUyNTIwR29sZmUlMjUyMENsdWJlJTIxNWUwJTIxM20yJTIxMXNwdC1CUiUyMTJzYnIlMjE0djE3MTk1ODUyMjU1MjglMjE1bTIlMjExc3B0LUJSJTIxMnNiciUyMiUyMHdpZHRoJTNEJTIyNjAwJTIyJTIwaGVpZ2h0JTNEJTIyMzIwJTIyJTIwc3R5bGUlM0QlMjJib3JkZXIlM0EwJTNCJTIyJTIwYWxsb3dmdWxsc2NyZWVuJTNEJTIyJTIyJTIwbG9hZGluZyUzRCUyMmxhenklMjIlMjByZWZlcnJlcnBvbGljeSUzRCUyMm5vLXJlZmVycmVyLXdoZW4tZG93bmdyYWRlJTIyJTNFJTNDJTJGaWZyYW1lJTNF&#8221; css=&#8221;&#8221;][\/vc_column][vc_column width=&#8221;1\/5&#8243; css=&#8221;.vc_custom_1719603747070{margin-left: -80px !important;}&#8221;][vc_empty_space height=&#8221;12px&#8221;][vc_empty_space height=&#8221;12px&#8221;][vc_single_image image=&#8221;523&#8243; img_size=&#8221;70X70&#8243; css=&#8221;&#8221; qode_css_animation=&#8221;&#8221;][vc_empty_space height=&#8221;12px&#8221;][vc_column_text css=&#8221;&#8221;]<\/p>\n<h6><span style=\"vertical-align: inherit;\"><span style=\"vertical-align: inherit;\">CONTE\u00daDO<\/span><\/span><\/h6>\n<p>[\/vc_column_text][vc_empty_space height=&#8221;12px&#8221;][vc_raw_html css=&#8221;&#8221;]JTNDcCUzRSUwQSUzQ2ZvbnQlMjBzaXplJTNEJTIyMSUyMiUyMGZhY2UlM0QlMjJWZXJkYW5hJTIyJTNFJTNDJTJGYSUwQSUzQ2JyJTNFJTNDYSUyMGhyZWYlM0QlMjJodHRwcyUzQSUyRiUyRmFnZW5jaWFta3QuY29tLmJyJTJGdHNqZ2MlMkZjb250YXRvJTJGJTIyJTNFQ09OVEFUTyUzQ2JyJTJGJTNFJTNDYSUyRiUzRSUwQSUzQ2JyJTNFJTNDYSUyMGhyZWYlM0QlMjJodHRwcyUzQSUyRiUyRmFnZW5jaWFta3QuY29tLmJyJTJGdHNqZ2MlMkZvLWNsdWJlJTJGJTIyJTNFTyUyMENMVUJFJTIwREUlMjBHT0xGRSUzQ2JyJTJGJTNFJTNDYSUyRiUzRSUwQSUzQ2JyJTNFJTNDYSUyMGhyZWYlM0QlMjJodHRwcyUzQSUyRiUyRmFnZW5jaWFta3QuY29tLmJyJTJGdHNqZ2MlMkZvLWNhbXBvJTJGJTIyJTNFTyUyMENBTVBPJTIwREUlMjBHT0xGRSUzQ2JyJTJGJTNFJTNDYSUyRiUzRSUwQSUzQ2JyJTNFJTNDYSUyMGhyZWYlM0QlMjJodHRwcyUzQSUyRiUyRmFnZW5jaWFta3QuY29tLmJyJTJGdHNqZ2MlMkZjbGluaWNhcyUyRiUyMiUzRUNMJUMzJThETklDQVMlMjBERSUyMEdPTEZFJTNDYnIlMkYlM0UlM0NhJTJGJTNFJTBBJTNDYnIlM0UlM0NhJTIwaHJlZiUzRCUyMmh0dHBzJTNBJTJGJTJGYWdlbmNpYW1rdC5jb20uYnIlMkZ0c2pnYyUyRmhvcmFyaW9zLWUtdmFsb3Jlcy0yJTJGJTIyJTNFSE9SJUMzJTgxUklPUyUyMEUlMjBWQUxPUkVTJTIwRE8lMjBDTFVCRSUyMERFJTIwR09MRkUlM0NiciUyRiUzRSUzQ2ElMkYlM0UlMEElM0MlMkZmb250JTNFJTBBJTNDJTJGcCUzRQ==[\/vc_raw_html][vc_empty_space height=&#8221;12px&#8221;][\/vc_column][vc_column width=&#8221;1\/4&#8243; css=&#8221;.vc_custom_1719603755323{margin-left: -120px !important;}&#8221;][vc_empty_space height=&#8221;12px&#8221;][vc_empty_space height=&#8221;12px&#8221;][vc_single_image image=&#8221;1182&#8243; img_size=&#8221;full&#8221; css=&#8221;&#8221; qode_css_animation=&#8221;&#8221;][vc_empty_space height=&#8221;8&#8243;][vc_empty_space height=&#8221;12px&#8221;][vc_empty_space height=&#8221;12px&#8221;][vc_column_text css=&#8221;&#8221;]<span style=\"color: #20282e;\"><strong>L O C A L I Z A \u00c7 \u00c3 O\u00a0 \u00a0 \u00a0 \u00a0 \u00a0 \u00a0 \u00a0 \u00a0 \u00a0 \u00a0 \u00a0 \u00a0 \u00a0 \u00a0 \u00a0 \u00a0 \u00a0 \u00a0<a href=\"https:\/\/www.instagram.com\/terrasdesaojosegolfe\/\" target=\"_blank\" rel=\"noopener\"><img loading=\"lazy\" decoding=\"async\" class=\"alignnone wp-image-1282 size-full\" src=\"https:\/\/agenciamkt.com.br\/tsjgc\/wp-content\/uploads\/2024\/07\/insta.png\" alt=\"\" width=\"16\" height=\"16\" \/><\/a><\/strong><\/span>[\/vc_column_text][vc_raw_html css=&#8221;&#8221;]JTNDcCUzRSUwQSUzQ2ZvbnQlMjBzaXplJTNEJTIyMSUyMiUzRSUwQSUwQXNhJUMzJUFEZGElMjA3OCUyMHJvZG92aWElMjAtJTIwY2FzdGVsbG8lMjBicmFuY28lMjBzZW50aWRvJTIwJTNDYnIlM0VpdHUlMjBzYSVDMyVBRGRhJTIwMTZhJTIwZGElMjByb2RvdmlhJTIwZG8lMjBhJUMzJUE3dWNhciUyMC0lMjBzcCUyMDc5JTBBJTBBJTNDJTJGZm9udCUzRSUwQSUzQyUyRnAlM0U=[\/vc_raw_html][vc_empty_space height=&#8221;5&#8243;][vc_separator type=&#8221;small&#8221; position=&#8221;left&#8221; color=&#8221;#ffffff&#8221; thickness=&#8221;1&#8243; width=&#8221;200&#8243;][vc_column_text css=&#8221;&#8221;]<\/p>\n<h6><span style=\"vertical-align: inherit;\"><span style=\"vertical-align: inherit;\">SOBRE N\u00d3S<\/span><\/span><\/h6>\n<p>[\/vc_column_text][vc_empty_space height=&#8221;8&#8243;][vc_raw_html css=&#8221;&#8221;]JTNDcCUzRSUwQSUzQ2ZvbnQlMjBzaXplJTNEJTIyMSUyMiUzRSUwQU8lMjBUZXJyYXMlMjBkZSUyMFMlQzMlQTNvJTIwSm9zJUMzJUE5JTIwR29sZmUlMjBDbHViZSUyQyUyMGlkZWFsaXphZG8lMjBhJTIwcGFydGlyJTIwZGUlMjBwZXNxdWlzYXMlMjBpbnRlcm5hY2lvbmFpcyUyMHBlbG8lMjBHcnVwbyUyMFNlbnBhciUyMFRlcnJhcyUyMGRlJTIwUyVDMyVBM28lMjBKb3MlQzMlQTklMkMlMjBlc3QlQzMlQTElMjBlbnRyZSUyMG9zJTIwZGV6JTIwbWVsaG9yZXMlMjBjbHViZXMlMjBkZSUyMGdvbGZlJTIwZG8lMjBCcmFzaWwuJTIwJUMzJTg5JTIwdW0lMjBkb3MlMjBwb3Vjb3MlMjBjYW1wb3MlMjBkZSUyMGdvbGZlJTIwcHJpdmFkb3MlMjBkbyUyMHBhJUMzJUFEcyUyQyUyMHBpb25laXJvJTIwZW0lMjBsb3RlYW1lbnRvcyUyMGZlY2hhZG9zJTIwZGUlMjBhbHRvJTIwcGFkciVDMyVBM28lMjBvbmRlJTIwbyUyMGdvbGZlJTIwZ2FuaGElMjB1bSUyMGRlc3RhcXVlJTIwdml0YWwlMjBwYXJhJTIwY29uZCVDMyVCNG1pbm9zJTIwZSUyMGFzc29jaWFkb3MuJTBBJTNDJTJGZm9udCUzRSUwQSUzQyUyRnAlM0U=[\/vc_raw_html][vc_empty_space height=&#8221;12px&#8221;][\/vc_column][\/vc_row]<\/p>\n<\/div>","protected":false},"excerpt":{"rendered":"<p>[vc_row css_animation=&#8221;&#8221; row_type=&#8221;row&#8221; use_row_as_full_screen_section=&#8221;no&#8221; type=&#8221;full_width&#8221; angled_section=&#8221;no&#8221; text_align=&#8221;left&#8221; background_image_as_pattern=&#8221;without_pattern&#8221;][vc_column][rev_slider_vc alias=&#8221;realizacao&#8221;][\/vc_column][\/vc_row][vc_row css_animation=&#8221;&#8221; row_type=&#8221;row&#8221; use_row_as_full_screen_section=&#8221;no&#8221; type=&#8221;full_width&#8221; angled_section=&#8221;no&#8221; text_align=&#8221;left&#8221; background_image_as_pattern=&#8221;without_pattern&#8221;][vc_column][vc_empty_space height=&#8221;30&#8243;][vc_empty_space height=&#8221;30&#8243;][\/vc_column][\/vc_row][vc_row css_animation=&#8221;&#8221; row_type=&#8221;row&#8221; use_row_as_full_screen_section=&#8221;no&#8221; type=&#8221;grid&#8221; angled_section=&#8221;no&#8221; text_align=&#8221;center&#8221; background_image_as_pattern=&#8221;without_pattern&#8221; z_index=&#8221;&#8221;][vc_column][vc_column_text css=&#8221;&#8221;] HIST\u00d3RIA DE TRADI\u00c7\u00c3O E PIONEIRISMO. OBRAS DE INFRAESTRUTURA, LOTEAMENTOS, HOTELARIA E SHOPPINGS. [\/vc_column_text][\/vc_column][\/vc_row][vc_row css_animation=&#8221;&#8221; row_type=&#8221;row&#8221; use_row_as_full_screen_section=&#8221;no&#8221; type=&#8221;full_width&#8221; angled_section=&#8221;no&#8221;&#8230;<\/p>\n","protected":false},"author":1,"featured_media":0,"parent":0,"menu_order":0,"comment_status":"closed","ping_status":"closed","template":"full_width.php","meta":{"footnotes":""},"_links":{"self":[{"href":"https:\/\/agenciamkt.com.br\/tsjgc\/wp-json\/wp\/v2\/pages\/698"}],"collection":[{"href":"https:\/\/agenciamkt.com.br\/tsjgc\/wp-json\/wp\/v2\/pages"}],"about":[{"href":"https:\/\/agenciamkt.com.br\/tsjgc\/wp-json\/wp\/v2\/types\/page"}],"author":[{"embeddable":true,"href":"https:\/\/agenciamkt.com.br\/tsjgc\/wp-json\/wp\/v2\/users\/1"}],"replies":[{"embeddable":true,"href":"https:\/\/agenciamkt.com.br\/tsjgc\/wp-json\/wp\/v2\/comments?post=698"}],"version-history":[{"count":31,"href":"https:\/\/agenciamkt.com.br\/tsjgc\/wp-json\/wp\/v2\/pages\/698\/revisions"}],"predecessor-version":[{"id":1294,"href":"https:\/\/agenciamkt.com.br\/tsjgc\/wp-json\/wp\/v2\/pages\/698\/revisions\/1294"}],"wp:attachment":[{"href":"https:\/\/agenciamkt.com.br\/tsjgc\/wp-json\/wp\/v2\/media?parent=698"}],"curies":[{"name":"wp","href":"https:\/\/api.w.org\/{rel}","templated":true}]}}