{"id":5,"date":"2018-03-12T11:36:53","date_gmt":"2018-03-12T11:36:53","guid":{"rendered":"http:\/\/bridge181.qodeinteractive.com\/?page_id=5"},"modified":"2024-07-03T17:15:43","modified_gmt":"2024-07-03T17:15:43","slug":"home","status":"publish","type":"page","link":"https:\/\/agenciamkt.com.br\/tsjgc\/","title":{"rendered":"Home"},"content":{"rendered":"<div class=\"wpb-content-wrapper\"><p>[vc_row css_animation=&#8221;&#8221; row_type=&#8221;row&#8221; use_row_as_full_screen_section=&#8221;no&#8221; type=&#8221;full_width&#8221; angled_section=&#8221;no&#8221; text_align=&#8221;left&#8221; background_image_as_pattern=&#8221;without_pattern&#8221;][vc_column][rev_slider_vc alias=&#8221;home&#8221;][\/vc_column][\/vc_row][vc_row css_animation=&#8221;&#8221; row_type=&#8221;row&#8221; use_row_as_full_screen_section=&#8221;no&#8221; type=&#8221;full_width&#8221; angled_section=&#8221;no&#8221; text_align=&#8221;center&#8221; background_image_as_pattern=&#8221;without_pattern&#8221; z_index=&#8221;&#8221; css=&#8221;.vc_custom_1716836401904{background-color: #e5e6e9 !important;}&#8221;][vc_column width=&#8221;1\/6&#8243;][\/vc_column][vc_column width=&#8221;2\/3&#8243;][vc_single_image image=&#8221;212&#8243; img_size=&#8221;full&#8221; alignment=&#8221;center&#8221; css=&#8221;.vc_custom_1716245220390{margin-top: -35px !important;}&#8221; qode_css_animation=&#8221;&#8221;][\/vc_column][vc_column width=&#8221;1\/6&#8243;][\/vc_column][\/vc_row][vc_row css_animation=&#8221;&#8221; row_type=&#8221;row&#8221; use_row_as_full_screen_section=&#8221;no&#8221; type=&#8221;grid&#8221; angled_section=&#8221;no&#8221; text_align=&#8221;left&#8221; background_image_as_pattern=&#8221;without_pattern&#8221; z_index=&#8221;&#8221; css=&#8221;.vc_custom_1718386600810{padding-top: 45px !important;padding-bottom: 48px !important;background-color: #e5e6e9 !important;}&#8221;][vc_column width=&#8221;1\/2&#8243; css=&#8221;.vc_custom_1718385736843{margin-top: 50px !important;margin-left: 50px !important;}&#8221;][vc_column_text css=&#8221;&#8221;]<\/p>\n<h4 style=\"text-align: left;\"><span style=\"vertical-align: inherit;\"><span style=\"vertical-align: inherit;\">BEM-VINDOS<\/span><\/span><\/h4>\n<p>[\/vc_column_text][vc_separator type=&#8221;small&#8221; position=&#8221;left&#8221; color=&#8221;#1d252b&#8221; thickness=&#8221;1&#8243; width=&#8221;80&#8243;][vc_column_text]<\/p>\n<h2 style=\"text-align: left;\"><span style=\"color: #1d252b;\">O LUGAR IDEAL<\/span><\/h2>\n<h2 style=\"text-align: left;\"><span style=\"color: #1d252b;\">PARA PRATICAR<\/span><\/h2>\n<p>[\/vc_column_text][vc_empty_space height=&#8221;19px&#8221;][vc_column_text css=&#8221;&#8221;]<\/p>\n<p style=\"text-align: left;\"><span style=\"color: #62727f;\">Eleito duas vezes um dos dez melhores campos do Brasil pela Golf Digest,<\/span><\/p>\n<p style=\"text-align: left;\"><span style=\"color: #62727f;\"> o Terras de S\u00e3o Jos\u00e9 Golfe Clube \u00e9 refer\u00eancia do esporte.<\/span><\/p>\n<p>[\/vc_column_text][vc_empty_space height=&#8221;19px&#8221;][vc_empty_space height=&#8221;19px&#8221;][vc_single_image image=&#8221;243&#8243; img_size=&#8221;full&#8221; qode_css_animation=&#8221;&#8221;][vc_empty_space height=&#8221;19px&#8221;][vc_empty_space height=&#8221;19px&#8221;]<a  itemprop=\"url\" href=\"https:\/\/www.google.com\/maps\/place\/Terras+de+S%C3%A3o+Jos%C3%A9+Golfe+Clube\/@-23.304995,-47.294258,13z\/data=!4m6!3m5!1s0x94cf5ad2c10ad949:0x6595bc6d7b75488a!8m2!3d-23.3049948!4d-47.2942578!16s%2Fg%2F1td1l3x9?ll=-23.304995,-47.294258&amp;z=13&amp;t=m&amp;hl=pt-BR&amp;gl=BR&amp;mapclient=embed&amp;cid=7319963947769350282&amp;entry=tts&amp;g_ep=EgoyMDI0MDYxNS4wKgBIAVAD\" target=\"_blank\" data-hover-background-color=#ffffff data-hover-color=#4b6848 class=\"qbutton  left enlarge\" style=\"color: #ffffff; border-radius: 30px;-moz-border-radius: 30px;-webkit-border-radius: 30px; background-color: #4b6848;\">COMO CHEGAR<\/a>[vc_empty_space height=&#8221;19px&#8221;][vc_empty_space height=&#8221;19px&#8221;][\/vc_column][vc_column width=&#8221;1\/2&#8243;][vc_single_image image=&#8221;819&#8243; img_size=&#8221;full&#8221; alignment=&#8221;center&#8221; css=&#8221;&#8221; qode_css_animation=&#8221;&#8221;][\/vc_column][\/vc_row][vc_row css_animation=&#8221;&#8221; row_type=&#8221;row&#8221; use_row_as_full_screen_section=&#8221;no&#8221; type=&#8221;grid&#8221; angled_section=&#8221;no&#8221; text_align=&#8221;left&#8221; background_image_as_pattern=&#8221;without_pattern&#8221; css=&#8221;.vc_custom_1716919167235{padding-top: 90px !important;padding-bottom: 90px !important;background-image: url(https:\/\/agenciamkt.com.br\/tsjgc\/wp-content\/uploads\/2024\/05\/banner3.png?id=259) !important;}&#8221; z_index=&#8221;&#8221;][vc_column width=&#8221;1\/2&#8243;][vc_column_text]<\/p>\n<h2><span style=\"color: #ffffff;\">O CLUBE<\/span><\/h2>\n<p>[\/vc_column_text][vc_separator type=&#8221;small&#8221; position=&#8221;left&#8221; color=&#8221;#ffffff&#8221; thickness=&#8221;2&#8243; width=&#8221;110&#8243;][vc_empty_space height=&#8221;19px&#8221;][vc_column_text]<span style=\"color: #ffffff;\">Eleito duas vezes um dos dez melhores campos do Brasil pela Golf<\/span><\/p>\n<p><span style=\"color: #ffffff;\">Digest, o Terras de S\u00e3o Jos\u00e9 Golfe Clube \u00e9 refer\u00eancia do esporte.<\/span><\/p>\n<p><span style=\"color: #ffffff;\">Al\u00e9m de estrutura e paisagem incompar\u00e1veis, o TSJGC tem um<\/span><\/p>\n<p><span style=\"color: #ffffff;\">diferencial exclusivo: est\u00e1 localizado a 5 minutos da Terras de S\u00e3o<\/span><\/p>\n<p><span style=\"color: #ffffff;\">Jos\u00e9 Academy of Golf.<\/span><\/p>\n<p>&nbsp;<\/p>\n<p><span style=\"color: #ffffff;\">Al\u00e9m do trajeto de 18 buracos, distribu\u00eddos por<\/span><\/p>\n<p><span style=\"color: #ffffff;\">650 mil m2, o clubhouse conta com restaurante, bar, sauna e pro shop.<\/span><\/p>\n<p><span style=\"color: #ffffff;\">H\u00e1 ainda a disponibilidade de uso do heliponto homologado no loteamento<\/span><\/p>\n<p><span style=\"color: #ffffff;\">Terras de S\u00e3o Jos\u00e9 em Itu.<\/span>[\/vc_column_text][vc_empty_space height=&#8221;55&#8243;]<a  itemprop=\"url\" href=\"https:\/\/agenciamkt.com.br\/tsjgc\/o-clube\/\" target=\"_self\" data-hover-background-color=#4b6848 data-hover-color=#ffffff class=\"qbutton  small left default\" style=\"color: #4b6848; border-radius: 30px;-moz-border-radius: 30px;-webkit-border-radius: 30px; background-color: #ffffff;\">VEJA TODOS OS DIFERENCIAIS<\/a>[\/vc_column][vc_column width=&#8221;1\/2&#8243;][\/vc_column][\/vc_row][vc_row css_animation=&#8221;&#8221; row_type=&#8221;row&#8221; use_row_as_full_screen_section=&#8221;no&#8221; type=&#8221;grid&#8221; angled_section=&#8221;no&#8221; text_align=&#8221;left&#8221; background_image_as_pattern=&#8221;without_pattern&#8221; css=&#8221;.vc_custom_1718722514594{padding-top: 60px !important;padding-bottom: 60px !important;background-color: #e5e6e9 !important;border-radius: 30px !important;}&#8221; z_index=&#8221;&#8221;][vc_column width=&#8221;1\/4&#8243; css=&#8221;.vc_custom_1718742782057{margin-left: -20px !important;}&#8221;][vc_single_image image=&#8221;281&#8243; img_size=&#8221;full&#8221; qode_css_animation=&#8221;&#8221;][\/vc_column][vc_column width=&#8221;3\/4&#8243; css=&#8221;.vc_custom_1718742245151{padding-top: 150px !important;}&#8221;][vc_column_text css=&#8221;.vc_custom_1718742215271{border-right-width: 50px !important;}&#8221;]<\/p>\n<h5 style=\"text-align: left;\"><strong>Nossos diferenciais<\/strong><\/h5>\n<p>[\/vc_column_text][vc_empty_space height=&#8221;19px&#8221;][vc_empty_space height=&#8221;19px&#8221;][vc_empty_space height=&#8221;19px&#8221;][vc_column_text css=&#8221;&#8221;]<\/p>\n<h3 style=\"text-align: left;\"><span style=\"color: #1d252b;\">CL\u00cdNICAS DE GOLFE<\/span><\/h3>\n<p>[\/vc_column_text][vc_empty_space height=&#8221;19px&#8221;][vc_column_text css=&#8221;.vc_custom_1718743217158{border-right-width: 100px !important;}&#8221;]<\/p>\n<p style=\"text-align: left;\">Uma experi\u00eancia coletiva corporativa que ensinar\u00e1 as no\u00e7\u00f5es b\u00e1sicas do golfe, al\u00e9m de fortalecer seu<\/p>\n<p style=\"text-align: left;\">networking. O campo, o driving range e o putting green dar\u00e3o ideia de como o golfe \u00e9 apaixonante e desafiador.<\/p>\n<p>[\/vc_column_text][vc_empty_space height=&#8221;19px&#8221;][vc_empty_space height=&#8221;19px&#8221;][vc_row_inner row_type=&#8221;row&#8221; type=&#8221;grid&#8221; text_align=&#8221;center&#8221; css_animation=&#8221;&#8221;][vc_column_inner width=&#8221;1\/4&#8243;]<a  itemprop=\"url\" href=\"https:\/\/agenciamkt.com.br\/tsjgc\/clinicas\/\" target=\"_self\"  class=\"qbutton  small default\" style=\"color: #262626; border-radius: 30px;-moz-border-radius: 30px;-webkit-border-radius: 30px; background-color: #ffffff;\">SAIBA MAIS<\/a>[\/vc_column_inner][vc_column_inner width=&#8221;1\/4&#8243;][vc_single_image image=&#8221;849&#8243; img_size=&#8221;full&#8221; onclick=&#8221;custom_link&#8221; css=&#8221;&#8221; qode_css_animation=&#8221;&#8221; qode_hover_animation=&#8221;zoom_in&#8221; link=&#8221;https:\/\/agenciamkt.com.br\/tsjgc\/horarios-e-valores-2\/&#8221;][\/vc_column_inner][vc_column_inner width=&#8221;1\/4&#8243;][vc_single_image image=&#8221;850&#8243; img_size=&#8221;full&#8221; onclick=&#8221;custom_link&#8221; css=&#8221;&#8221; qode_css_animation=&#8221;&#8221; qode_hover_animation=&#8221;zoom_in&#8221; link=&#8221;https:\/\/agenciamkt.com.br\/tsjgc\/o-clube\/&#8221;][\/vc_column_inner][vc_column_inner width=&#8221;1\/4&#8243;][\/vc_column_inner][\/vc_row_inner][\/vc_column][\/vc_row][vc_row css_animation=&#8221;&#8221; row_type=&#8221;row&#8221; use_row_as_full_screen_section=&#8221;no&#8221; type=&#8221;full_width&#8221; angled_section=&#8221;no&#8221; text_align=&#8221;left&#8221; background_image_as_pattern=&#8221;without_pattern&#8221;][vc_column][vc_empty_space][\/vc_column][\/vc_row][vc_row css_animation=&#8221;&#8221; row_type=&#8221;row&#8221; use_row_as_full_screen_section=&#8221;no&#8221; type=&#8221;grid&#8221; angled_section=&#8221;no&#8221; text_align=&#8221;left&#8221; background_image_as_pattern=&#8221;without_pattern&#8221; background_color=&#8221;#e5e6e9&#8243; css=&#8221;.vc_custom_1718733984645{margin-right: 80px !important;margin-left: 80px !important;background-color: #e5e6e9 !important;}&#8221; z_index=&#8221;&#8221;][vc_column][rev_slider_vc alias=&#8221;galeria&#8221;][\/vc_column][\/vc_row][vc_row css_animation=&#8221;&#8221; row_type=&#8221;row&#8221; use_row_as_full_screen_section=&#8221;no&#8221; type=&#8221;full_width&#8221; angled_section=&#8221;no&#8221; text_align=&#8221;left&#8221; background_image_as_pattern=&#8221;without_pattern&#8221;][vc_column][vc_empty_space][\/vc_column][\/vc_row][vc_row css_animation=&#8221;&#8221; row_type=&#8221;row&#8221; use_row_as_full_screen_section=&#8221;no&#8221; type=&#8221;full_width&#8221; angled_section=&#8221;no&#8221; text_align=&#8221;left&#8221; background_image_as_pattern=&#8221;without_pattern&#8221;][vc_column][vc_empty_space][\/vc_column][\/vc_row][vc_row css_animation=&#8221;&#8221; row_type=&#8221;row&#8221; use_row_as_full_screen_section=&#8221;no&#8221; type=&#8221;full_width&#8221; angled_section=&#8221;no&#8221; text_align=&#8221;left&#8221; background_image_as_pattern=&#8221;without_pattern&#8221;][vc_column][vc_column_text css=&#8221;&#8221;]<\/p>\n<h5 style=\"text-align: center;\">GALERIA<\/h5>\n<p>[\/vc_column_text][\/vc_column][\/vc_row][vc_row css_animation=&#8221;&#8221; row_type=&#8221;row&#8221; use_row_as_full_screen_section=&#8221;no&#8221; type=&#8221;full_width&#8221; angled_section=&#8221;no&#8221; text_align=&#8221;left&#8221; background_image_as_pattern=&#8221;without_pattern&#8221;][vc_column][vc_empty_space height=&#8221;40&#8243;][\/vc_column][\/vc_row][vc_row css_animation=&#8221;&#8221; row_type=&#8221;row&#8221; use_row_as_full_screen_section=&#8221;no&#8221; type=&#8221;full_width&#8221; angled_section=&#8221;no&#8221; text_align=&#8221;left&#8221; background_image_as_pattern=&#8221;without_pattern&#8221;][vc_column][rev_slider_vc alias=&#8221;galeria-fotos&#8221;][\/vc_column][\/vc_row][vc_row css_animation=&#8221;&#8221; row_type=&#8221;row&#8221; use_row_as_full_screen_section=&#8221;no&#8221; type=&#8221;full_width&#8221; angled_section=&#8221;no&#8221; text_align=&#8221;left&#8221; background_image_as_pattern=&#8221;without_pattern&#8221;][vc_column][vc_empty_space][\/vc_column][\/vc_row][vc_row css_animation=&#8221;&#8221; row_type=&#8221;row&#8221; use_row_as_full_screen_section=&#8221;no&#8221; type=&#8221;full_width&#8221; angled_section=&#8221;no&#8221; text_align=&#8221;left&#8221; background_image_as_pattern=&#8221;without_pattern&#8221;][vc_column][vc_empty_space][\/vc_column][\/vc_row][vc_row css_animation=&#8221;&#8221; row_type=&#8221;row&#8221; use_row_as_full_screen_section=&#8221;no&#8221; type=&#8221;full_width&#8221; angled_section=&#8221;no&#8221; text_align=&#8221;left&#8221; background_image_as_pattern=&#8221;without_pattern&#8221;][vc_column][vc_column_text css=&#8221;&#8221;]<\/p>\n<h5 style=\"text-align: center;\">GREEN FEES<\/h5>\n<p>[\/vc_column_text][vc_empty_space][\/vc_column][\/vc_row][vc_row css_animation=&#8221;&#8221; row_type=&#8221;row&#8221; use_row_as_full_screen_section=&#8221;no&#8221; type=&#8221;full_width&#8221; angled_section=&#8221;no&#8221; text_align=&#8221;left&#8221; background_image_as_pattern=&#8221;without_pattern&#8221;][vc_column width=&#8221;1\/6&#8243;][\/vc_column][vc_column width=&#8221;1\/3&#8243;][vc_single_image image=&#8221;1280&#8243; img_size=&#8221;full&#8221; alignment=&#8221;center&#8221; onclick=&#8221;custom_link&#8221; css=&#8221;&#8221; qode_css_animation=&#8221;&#8221; link=&#8221;https:\/\/agenciamkt.com.br\/tsjgc\/horarios-e-valores-2\/&#8221;][\/vc_column][vc_column width=&#8221;1\/3&#8243;][vc_single_image image=&#8221;1279&#8243; img_size=&#8221;full&#8221; alignment=&#8221;center&#8221; onclick=&#8221;custom_link&#8221; css=&#8221;&#8221; qode_css_animation=&#8221;&#8221; link=&#8221;https:\/\/agenciamkt.com.br\/tsjgc\/horarios-e-valores-2\/&#8221;][\/vc_column][vc_column width=&#8221;1\/6&#8243;][\/vc_column][\/vc_row][vc_row css_animation=&#8221;&#8221; row_type=&#8221;row&#8221; use_row_as_full_screen_section=&#8221;no&#8221; type=&#8221;full_width&#8221; angled_section=&#8221;no&#8221; text_align=&#8221;left&#8221; background_image_as_pattern=&#8221;without_pattern&#8221;][vc_column][vc_empty_space][\/vc_column][\/vc_row][vc_row css_animation=&#8221;&#8221; row_type=&#8221;row&#8221; use_row_as_full_screen_section=&#8221;no&#8221; type=&#8221;full_width&#8221; angled_section=&#8221;no&#8221; text_align=&#8221;left&#8221; background_image_as_pattern=&#8221;without_pattern&#8221;][vc_column][vc_empty_space][\/vc_column][\/vc_row][vc_row css_animation=&#8221;&#8221; row_type=&#8221;row&#8221; use_row_as_full_screen_section=&#8221;no&#8221; type=&#8221;full_width&#8221; angled_section=&#8221;no&#8221; text_align=&#8221;left&#8221; background_image_as_pattern=&#8221;without_pattern&#8221; z_index=&#8221;&#8221; css=&#8221;.vc_custom_1719594395354{margin-right: -150px !important;background-color: #cfcfd3 !important;}&#8221;][vc_column width=&#8221;1\/2&#8243; css=&#8221;.vc_custom_1719594275774{padding-right: 100px !important;}&#8221;][vc_gmaps link=&#8221;#E-8_JTNDaWZyYW1lJTIwc3JjJTNEJTIyaHR0cHMlM0ElMkYlMkZ3d3cuZ29vZ2xlLmNvbSUyRm1hcHMlMkZlbWJlZCUzRnBiJTNEJTIxMW0xNCUyMTFtOCUyMTFtMyUyMTFkMTQ2NTcuMTg2NDMxNDUxNTMzJTIxMmQtNDcuMjk0MjU3OCUyMTNkLTIzLjMwNDk5NDglMjEzbTIlMjExaTEwMjQlMjEyaTc2OCUyMTRmMTMuMSUyMTNtMyUyMTFtMiUyMTFzMHg5NGNmNWFkMmMxMGFkOTQ5JTI1M0EweDY1OTViYzZkN2I3NTQ4OGElMjEyc1RlcnJhcyUyNTIwZGUlMjUyMFMlMjVDMyUyNUEzbyUyNTIwSm9zJTI1QzMlMjVBOSUyNTIwR29sZmUlMjUyMENsdWJlJTIxNWUwJTIxM20yJTIxMXNwdC1CUiUyMTJzYnIlMjE0djE3MTk1ODUyMjU1MjglMjE1bTIlMjExc3B0LUJSJTIxMnNiciUyMiUyMHdpZHRoJTNEJTIyNjAwJTIyJTIwaGVpZ2h0JTNEJTIyMzIwJTIyJTIwc3R5bGUlM0QlMjJib3JkZXIlM0EwJTNCJTIyJTIwYWxsb3dmdWxsc2NyZWVuJTNEJTIyJTIyJTIwbG9hZGluZyUzRCUyMmxhenklMjIlMjByZWZlcnJlcnBvbGljeSUzRCUyMm5vLXJlZmVycmVyLXdoZW4tZG93bmdyYWRlJTIyJTNFJTNDJTJGaWZyYW1lJTNF&#8221; css=&#8221;&#8221;][\/vc_column][vc_column width=&#8221;1\/5&#8243; css=&#8221;.vc_custom_1719603747070{margin-left: -80px !important;}&#8221;][vc_empty_space height=&#8221;12px&#8221;][vc_empty_space height=&#8221;12px&#8221;][vc_single_image image=&#8221;523&#8243; img_size=&#8221;70X70&#8243; css=&#8221;&#8221; qode_css_animation=&#8221;&#8221;][vc_empty_space height=&#8221;12px&#8221;][vc_column_text css=&#8221;&#8221;]<\/p>\n<h6><span style=\"vertical-align: inherit;\"><span style=\"vertical-align: inherit;\">CONTE\u00daDO<\/span><\/span><\/h6>\n<p>[\/vc_column_text][vc_empty_space height=&#8221;12px&#8221;][vc_raw_html css=&#8221;&#8221;]JTNDcCUzRSUwQSUzQ2ZvbnQlMjBzaXplJTNEJTIyMSUyMiUyMGZhY2UlM0QlMjJWZXJkYW5hJTIyJTNFJTNDJTJGYSUwQSUzQ2JyJTNFJTNDYSUyMGhyZWYlM0QlMjJodHRwcyUzQSUyRiUyRmFnZW5jaWFta3QuY29tLmJyJTJGdHNqZ2MlMkZjb250YXRvJTJGJTIyJTNFQ09OVEFUTyUzQ2JyJTJGJTNFJTNDYSUyRiUzRSUwQSUzQ2JyJTNFJTNDYSUyMGhyZWYlM0QlMjJodHRwcyUzQSUyRiUyRmFnZW5jaWFta3QuY29tLmJyJTJGdHNqZ2MlMkZvLWNsdWJlJTJGJTIyJTNFTyUyMENMVUJFJTIwREUlMjBHT0xGRSUzQ2JyJTJGJTNFJTNDYSUyRiUzRSUwQSUzQ2JyJTNFJTNDYSUyMGhyZWYlM0QlMjJodHRwcyUzQSUyRiUyRmFnZW5jaWFta3QuY29tLmJyJTJGdHNqZ2MlMkZvLWNhbXBvJTJGJTIyJTNFTyUyMENBTVBPJTIwREUlMjBHT0xGRSUzQ2JyJTJGJTNFJTNDYSUyRiUzRSUwQSUzQ2JyJTNFJTNDYSUyMGhyZWYlM0QlMjJodHRwcyUzQSUyRiUyRmFnZW5jaWFta3QuY29tLmJyJTJGdHNqZ2MlMkZjbGluaWNhcyUyRiUyMiUzRUNMJUMzJThETklDQVMlMjBERSUyMEdPTEZFJTNDYnIlMkYlM0UlM0NhJTJGJTNFJTBBJTNDYnIlM0UlM0NhJTIwaHJlZiUzRCUyMmh0dHBzJTNBJTJGJTJGYWdlbmNpYW1rdC5jb20uYnIlMkZ0c2pnYyUyRmhvcmFyaW9zLWUtdmFsb3Jlcy0yJTJGJTIyJTNFSE9SJUMzJTgxUklPUyUyMEUlMjBWQUxPUkVTJTIwRE8lMjBDTFVCRSUyMERFJTIwR09MRkUlM0NiciUyRiUzRSUzQ2ElMkYlM0UlMEElM0MlMkZmb250JTNFJTBBJTNDJTJGcCUzRQ==[\/vc_raw_html][vc_empty_space height=&#8221;12px&#8221;][\/vc_column][vc_column width=&#8221;1\/4&#8243; css=&#8221;.vc_custom_1719603755323{margin-left: -120px !important;}&#8221;][vc_empty_space height=&#8221;12px&#8221;][vc_empty_space height=&#8221;12px&#8221;][vc_single_image image=&#8221;1182&#8243; img_size=&#8221;full&#8221; css=&#8221;&#8221; qode_css_animation=&#8221;&#8221;][vc_empty_space height=&#8221;8&#8243;][vc_empty_space height=&#8221;12px&#8221;][vc_empty_space height=&#8221;12px&#8221;][vc_column_text css=&#8221;&#8221;]<span style=\"color: #20282e;\"><strong>L O C A L I Z A \u00c7 \u00c3 O\u00a0 \u00a0 \u00a0 \u00a0 \u00a0 \u00a0 \u00a0 \u00a0 \u00a0 \u00a0 \u00a0 \u00a0 \u00a0 \u00a0 \u00a0 \u00a0 \u00a0 \u00a0<a href=\"https:\/\/www.instagram.com\/terrasdesaojosegolfe\/\" target=\"_blank\" rel=\"noopener\"><img loading=\"lazy\" decoding=\"async\" class=\"alignnone wp-image-1282 size-full\" src=\"https:\/\/agenciamkt.com.br\/tsjgc\/wp-content\/uploads\/2024\/07\/insta.png\" alt=\"\" width=\"16\" height=\"16\" \/><\/a><\/strong><\/span>[\/vc_column_text][vc_raw_html css=&#8221;&#8221;]JTNDcCUzRSUwQSUzQ2ZvbnQlMjBzaXplJTNEJTIyMSUyMiUzRSUwQSUwQXNhJUMzJUFEZGElMjA3OCUyMHJvZG92aWElMjAtJTIwY2FzdGVsbG8lMjBicmFuY28lMjBzZW50aWRvJTIwJTNDYnIlM0VpdHUlMjBzYSVDMyVBRGRhJTIwMTZhJTIwZGElMjByb2RvdmlhJTIwZG8lMjBhJUMzJUE3dWNhciUyMC0lMjBzcCUyMDc5JTBBJTBBJTNDJTJGZm9udCUzRSUwQSUzQyUyRnAlM0U=[\/vc_raw_html][vc_empty_space height=&#8221;5&#8243;][vc_separator type=&#8221;small&#8221; position=&#8221;left&#8221; color=&#8221;#ffffff&#8221; thickness=&#8221;1&#8243; width=&#8221;200&#8243;][vc_column_text css=&#8221;&#8221;]<\/p>\n<h6><span style=\"vertical-align: inherit;\"><span style=\"vertical-align: inherit;\">SOBRE N\u00d3S<\/span><\/span><\/h6>\n<p>[\/vc_column_text][vc_empty_space height=&#8221;8&#8243;][vc_raw_html css=&#8221;&#8221;]JTNDcCUzRSUwQSUzQ2ZvbnQlMjBzaXplJTNEJTIyMSUyMiUzRSUwQU8lMjBUZXJyYXMlMjBkZSUyMFMlQzMlQTNvJTIwSm9zJUMzJUE5JTIwR29sZmUlMjBDbHViZSUyQyUyMGlkZWFsaXphZG8lMjBhJTIwcGFydGlyJTIwZGUlMjBwZXNxdWlzYXMlMjBpbnRlcm5hY2lvbmFpcyUyMHBlbG8lMjBHcnVwbyUyMFNlbnBhciUyMFRlcnJhcyUyMGRlJTIwUyVDMyVBM28lMjBKb3MlQzMlQTklMkMlMjBlc3QlQzMlQTElMjBlbnRyZSUyMG9zJTIwZGV6JTIwbWVsaG9yZXMlMjBjbHViZXMlMjBkZSUyMGdvbGZlJTIwZG8lMjBCcmFzaWwuJTIwJUMzJTg5JTIwdW0lMjBkb3MlMjBwb3Vjb3MlMjBjYW1wb3MlMjBkZSUyMGdvbGZlJTIwcHJpdmFkb3MlMjBkbyUyMHBhJUMzJUFEcyUyQyUyMHBpb25laXJvJTIwZW0lMjBsb3RlYW1lbnRvcyUyMGZlY2hhZG9zJTIwZGUlMjBhbHRvJTIwcGFkciVDMyVBM28lMjBvbmRlJTIwbyUyMGdvbGZlJTIwZ2FuaGElMjB1bSUyMGRlc3RhcXVlJTIwdml0YWwlMjBwYXJhJTIwY29uZCVDMyVCNG1pbm9zJTIwZSUyMGFzc29jaWFkb3MuJTBBJTNDJTJGZm9udCUzRSUwQSUzQyUyRnAlM0U=[\/vc_raw_html][vc_empty_space height=&#8221;12px&#8221;][\/vc_column][\/vc_row]<\/p>\n<\/div>","protected":false},"excerpt":{"rendered":"<p>[vc_row css_animation=&#8221;&#8221; row_type=&#8221;row&#8221; use_row_as_full_screen_section=&#8221;no&#8221; type=&#8221;full_width&#8221; angled_section=&#8221;no&#8221; text_align=&#8221;left&#8221; background_image_as_pattern=&#8221;without_pattern&#8221;][vc_column][rev_slider_vc alias=&#8221;home&#8221;][\/vc_column][\/vc_row][vc_row css_animation=&#8221;&#8221; row_type=&#8221;row&#8221; use_row_as_full_screen_section=&#8221;no&#8221; type=&#8221;full_width&#8221; angled_section=&#8221;no&#8221; text_align=&#8221;center&#8221; background_image_as_pattern=&#8221;without_pattern&#8221; z_index=&#8221;&#8221; css=&#8221;.vc_custom_1716836401904{background-color: #e5e6e9 !important;}&#8221;][vc_column width=&#8221;1\/6&#8243;][\/vc_column][vc_column width=&#8221;2\/3&#8243;][vc_single_image image=&#8221;212&#8243; img_size=&#8221;full&#8221; alignment=&#8221;center&#8221; css=&#8221;.vc_custom_1716245220390{margin-top: -35px !important;}&#8221; qode_css_animation=&#8221;&#8221;][\/vc_column][vc_column width=&#8221;1\/6&#8243;][\/vc_column][\/vc_row][vc_row css_animation=&#8221;&#8221; row_type=&#8221;row&#8221; use_row_as_full_screen_section=&#8221;no&#8221; type=&#8221;grid&#8221; angled_section=&#8221;no&#8221; text_align=&#8221;left&#8221; background_image_as_pattern=&#8221;without_pattern&#8221; z_index=&#8221;&#8221; css=&#8221;.vc_custom_1718386600810{padding-top: 45px !important;padding-bottom: 48px !important;background-color: #e5e6e9 !important;}&#8221;][vc_column&#8230;<\/p>\n","protected":false},"author":1,"featured_media":0,"parent":0,"menu_order":0,"comment_status":"closed","ping_status":"closed","template":"full_width.php","meta":{"footnotes":""},"_links":{"self":[{"href":"https:\/\/agenciamkt.com.br\/tsjgc\/wp-json\/wp\/v2\/pages\/5"}],"collection":[{"href":"https:\/\/agenciamkt.com.br\/tsjgc\/wp-json\/wp\/v2\/pages"}],"about":[{"href":"https:\/\/agenciamkt.com.br\/tsjgc\/wp-json\/wp\/v2\/types\/page"}],"author":[{"embeddable":true,"href":"https:\/\/agenciamkt.com.br\/tsjgc\/wp-json\/wp\/v2\/users\/1"}],"replies":[{"embeddable":true,"href":"https:\/\/agenciamkt.com.br\/tsjgc\/wp-json\/wp\/v2\/comments?post=5"}],"version-history":[{"count":330,"href":"https:\/\/agenciamkt.com.br\/tsjgc\/wp-json\/wp\/v2\/pages\/5\/revisions"}],"predecessor-version":[{"id":1284,"href":"https:\/\/agenciamkt.com.br\/tsjgc\/wp-json\/wp\/v2\/pages\/5\/revisions\/1284"}],"wp:attachment":[{"href":"https:\/\/agenciamkt.com.br\/tsjgc\/wp-json\/wp\/v2\/media?parent=5"}],"curies":[{"name":"wp","href":"https:\/\/api.w.org\/{rel}","templated":true}]}}